{"id":82,"date":"2012-08-27T10:10:47","date_gmt":"2012-08-27T13:10:47","guid":{"rendered":"http:\/\/sindsaudeba.org.br\/novo\/?page_id=82"},"modified":"2023-08-16T15:34:47","modified_gmt":"2023-08-16T18:34:47","slug":"juridico","status":"publish","type":"page","link":"https:\/\/sindsaudeba.org.br\/portal\/juridico\/","title":{"rendered":"JUR\u00cdDICO"},"content":{"rendered":"<h3>Conhe\u00e7a as atribui\u00e7\u00f5es da equipe jur\u00eddica do sindicato<\/h3>\n<p>&nbsp;<\/p>\n<div>\n<p style=\"text-align: justify\">O setor jur\u00eddico \u00e9 um dos mais importantes dentro do sindicato, por ser um meio crucial para garantir os direitos dos trabalhadores. Por isso, o SindSa\u00fade-BA mant\u00e9m um setor jur\u00eddico bem organizado e com atribui\u00e7\u00f5es espec\u00edficas, para garantir agilidade nos encaminhamentos e o melhor atendimento poss\u00edvel aos servidores.<\/p>\n<p style=\"text-align: justify\">Os assuntos que envolvem perdas salariais, desrespeito ao Estatuto do Servidor e leis que conferem direitos aos trabalhadores, em a\u00e7\u00f5es, coletivas, em grupo ou individuais, s\u00e3o tratados pelo advogado Gilvan Assump\u00e7\u00e3o, que atende todas as ter\u00e7as-feiras, a partir das 16h.<br \/>\nPara assuntos relativos a aposentadoria e pens\u00f5es, o atendimento \u00e9 feito tamb\u00e9m pela diretora jur\u00eddica Laura Almeida. Tamb\u00e9m s\u00e3o realizadas a\u00e7\u00f5es em grupo, coletivas ou individuais.<br \/>\nEm todos os casos, o setor jur\u00eddico acompanha e d\u00e1 orienta\u00e7\u00f5es sobre assuntos que podem ser resolvidos sem o ingresso de a\u00e7\u00f5es. A equipe jur\u00eddica tamb\u00e9m acompanha a dire\u00e7\u00e3o sindical em reuni\u00f5es com os governos estadual e municipais.<\/p>\n<\/div>\n","protected":false},"excerpt":{"rendered":"<p>Conhe\u00e7a as atribui\u00e7\u00f5es da equipe jur\u00eddica do sindicato &nbsp; O setor jur\u00eddico \u00e9 um dos mais importantes dentro do sindicato, por ser um meio crucial para garantir os direitos dos trabalhadores. Por isso, o SindSa\u00fade-BA mant\u00e9m um setor jur\u00eddico bem organizado e com atribui\u00e7\u00f5es espec\u00edficas,&#8230;<\/p>\n","protected":false},"author":1,"featured_media":0,"parent":0,"menu_order":0,"comment_status":"open","ping_status":"open","template":"","meta":[],"amp_validity":null,"amp_enabled":true,"_links":{"self":[{"href":"https:\/\/sindsaudeba.org.br\/portal\/wp-json\/wp\/v2\/pages\/82"}],"collection":[{"href":"https:\/\/sindsaudeba.org.br\/portal\/wp-json\/wp\/v2\/pages"}],"about":[{"href":"https:\/\/sindsaudeba.org.br\/portal\/wp-json\/wp\/v2\/types\/page"}],"author":[{"embeddable":true,"href":"https:\/\/sindsaudeba.org.br\/portal\/wp-json\/wp\/v2\/users\/1"}],"replies":[{"embeddable":true,"href":"https:\/\/sindsaudeba.org.br\/portal\/wp-json\/wp\/v2\/comments?post=82"}],"version-history":[{"count":3,"href":"https:\/\/sindsaudeba.org.br\/portal\/wp-json\/wp\/v2\/pages\/82\/revisions"}],"predecessor-version":[{"id":18516,"href":"https:\/\/sindsaudeba.org.br\/portal\/wp-json\/wp\/v2\/pages\/82\/revisions\/18516"}],"wp:attachment":[{"href":"https:\/\/sindsaudeba.org.br\/portal\/wp-json\/wp\/v2\/media?parent=82"}],"curies":[{"name":"wp","href":"https:\/\/api.w.org\/{rel}","templated":true}]}}