{"id":80,"date":"2012-08-27T10:10:28","date_gmt":"2012-08-27T13:10:28","guid":{"rendered":"http:\/\/sindsaudeba.org.br\/novo\/?page_id=80"},"modified":"2023-08-16T15:29:46","modified_gmt":"2023-08-16T18:29:46","slug":"delegacias","status":"publish","type":"page","link":"https:\/\/sindsaudeba.org.br\/portal\/delegacias\/","title":{"rendered":"CONHE\u00c7A O SINDSA\u00daDE"},"content":{"rendered":"<p>SINDSAUDEBA \u00e9 uma entidade sindical de primeiro grau, fundada em 1989, com mais de 33 anos de atua\u00e7\u00e3o, constitu\u00edda para coordenar, proteger, defender e representar legalmente as Categorias dos Trabalhadores em Sa\u00fade do Estado da Bahia presentes nas diversas institui\u00e7\u00f5es de servi\u00e7os de sa\u00fade p\u00fablica de base estadual, na capital e interior.<\/p>\n<p>&nbsp;<\/p>\n<h3><strong>FILIE-SE AO SINDSAUDEBA<\/strong><\/h3>\n<p>&nbsp;<\/p>\n<p>O SINDSAUDEBA oferece aos seus associados e dependentes diversos benef\u00edcios, tais como: assist\u00eancia jur\u00eddica (na \u00e1rea trabalhista), orienta\u00e7\u00f5es em outras \u00e1reas de recursos humanos e c\u00e1lculos trabalhistas, e o projeto de cuidados da sa\u00fade com o servidor e seus dependentes (Sindsa\u00fade Cuida), com atendimentos em: Psicologia, Nutri\u00e7\u00e3o e Fisioterapia, al\u00e9m de outros conv\u00eanios credenciados ao sindicato. Temos tamb\u00e9m o Sindsa\u00fadeBa Itinerante, na capital e interior levando os servi\u00e7os do sindicato aonde o servidor est\u00e1. Al\u00e9m destes benef\u00edcios, \u00e9 extremamente importante que a categoria se mobilize e seja sindicalizada, para que o sindicato tenha for\u00e7as para lutar pela amplia\u00e7\u00e3o e manuten\u00e7\u00e3o dos direitos conquistados ao longo dos anos de exist\u00eancia da entidade.<\/p>\n<p>&nbsp;<\/p>\n<p>&nbsp;<\/p>\n","protected":false},"excerpt":{"rendered":"<p>SINDSAUDEBA \u00e9 uma entidade sindical de primeiro grau, fundada em 1989, com mais de 33 anos de atua\u00e7\u00e3o, constitu\u00edda para coordenar, proteger, defender e representar legalmente as Categorias dos Trabalhadores em Sa\u00fade do Estado da Bahia presentes nas diversas institui\u00e7\u00f5es de servi\u00e7os de sa\u00fade p\u00fablica&#8230;<\/p>\n","protected":false},"author":1,"featured_media":0,"parent":0,"menu_order":0,"comment_status":"open","ping_status":"open","template":"","meta":[],"amp_validity":null,"amp_enabled":true,"_links":{"self":[{"href":"https:\/\/sindsaudeba.org.br\/portal\/wp-json\/wp\/v2\/pages\/80"}],"collection":[{"href":"https:\/\/sindsaudeba.org.br\/portal\/wp-json\/wp\/v2\/pages"}],"about":[{"href":"https:\/\/sindsaudeba.org.br\/portal\/wp-json\/wp\/v2\/types\/page"}],"author":[{"embeddable":true,"href":"https:\/\/sindsaudeba.org.br\/portal\/wp-json\/wp\/v2\/users\/1"}],"replies":[{"embeddable":true,"href":"https:\/\/sindsaudeba.org.br\/portal\/wp-json\/wp\/v2\/comments?post=80"}],"version-history":[{"count":10,"href":"https:\/\/sindsaudeba.org.br\/portal\/wp-json\/wp\/v2\/pages\/80\/revisions"}],"predecessor-version":[{"id":18513,"href":"https:\/\/sindsaudeba.org.br\/portal\/wp-json\/wp\/v2\/pages\/80\/revisions\/18513"}],"wp:attachment":[{"href":"https:\/\/sindsaudeba.org.br\/portal\/wp-json\/wp\/v2\/media?parent=80"}],"curies":[{"name":"wp","href":"https:\/\/api.w.org\/{rel}","templated":true}]}}