{"id":77,"date":"2012-08-27T10:09:13","date_gmt":"2012-08-27T13:09:13","guid":{"rendered":"http:\/\/sindsaudeba.org.br\/novo\/?page_id=77"},"modified":"2024-01-17T09:44:00","modified_gmt":"2024-01-17T12:44:00","slug":"diretoria","status":"publish","type":"page","link":"https:\/\/sindsaudeba.org.br\/portal\/diretoria\/","title":{"rendered":"DIRETORIA"},"content":{"rendered":"<div>\n<p><strong>DIRETORIA TRI\u00caNIO 2024\/2027<\/strong><\/p>\n<p>&nbsp;<\/p>\n<p>IVANILDA DE SOUZA BRITO &#8211; PRESIDENTE<\/p>\n<p>TEREZA CRISTINA B.DE JESUS DEIR\u00d3 &#8211; VICE PRESIDENTE<\/p>\n<p>ANA CARINA DUNHAM MONTEIRO &#8211; SECRETARIA GERAL<\/p>\n<p>MARIA SOLEMAR RODRIGUES DO NASCIMENTO &#8211; 1\u00aaSECRETARIA<\/p>\n<p>DIJALMA BASTOS ROSSI &#8211; TESOUREIRO GERAL<\/p>\n<p>MARIA LEONOR SALES SANTOS CARVALHO &#8211; 1\u00ba TESOUREIRO<\/p>\n<p>MARIA CELESTE DO ROS\u00c1RIO SANTOS &#8211; DIRETORA DE ADMINISTRA\u00c7\u00c3O E PATRIMONIO<\/p>\n<p>EMANUELA VALOIS RIOS CARNEIRO\u00a0 &#8211; DIRETORA DE\u00a0 IMPRENSA E COMUNICA\u00c7\u00c3O<\/p>\n<p>JOSE LEANDRO LINO MENEZES &#8211; DIRETOR FORMA\u00c7\u00c3O E RELA\u00c7\u00d5ES INTERSINDICAIS<\/p>\n<p>JOANA EVANGELISTA CONCEI\u00c7\u00c3O SILVA &#8211; DIRETORA DE ASSUNTOS JUR\u00cdDICOS<\/p>\n<p>ORLANDO SOUZA DO LAGO &#8211;\u00a0 DIRETOR DE SA\u00daDE DO TRABALHO E APOSENTADOS<\/p>\n<p>EUFROSINA NUNES &#8211;\u00a0 DIRETORA DE CULTURA, ESPORTE E SOCIAL<\/p>\n<p>MARTHA BISPO DOS SANTOS VIEIRA &#8211; DIRETORA DE ASSUNTOS DA MULHER<\/p>\n<p>SANDRA RIBEIRO DA SILVA &#8211; SUPLENTE DE DIRETORIA<\/p>\n<p>ELZA CAROLINE SOARES OLIVEIRA &#8211; SUPLENTE DE DIRETORIA<\/p>\n<p>MARIA DA CONCEI\u00c7\u00c3O OLIVEIRA CASTRO\u00a0 &#8211; SUPLENTE DE DIRETORIA<\/p>\n<p>FABRICIO SANTANA LACERDA\u00a0 &#8211; DIRETOR DO INTERIOR I<\/p>\n<p>DART CLAIR CARVALHO DAS VIRGENS CERQUEIRA &#8211; DIRETORA DO INTERIOR II<\/p>\n<p>EDMILSON OLIVEIRA DA SILVA &#8211; DIRETOR DO INTERIOR III<\/p>\n<p>CLAUDIO M\u00c1RCIO MOREIRA DOS SANTOS &#8211; DIRETOR DO INTERIOR IV<\/p>\n<p>LIVIA REGINA ABADE DA SILVA &#8211; DIRETORA DO INTERIOR V<\/p>\n<p>MARIA DE ALMEIDA SILVA &#8211; CONSELHEIRA FISCAL &#8211; TITULAR<\/p>\n<p>DELBA MARIA DE LIMA &#8211; CONSELHEIRA FISCAL- TITULAR<\/p>\n<p>ANILTON SANTOS DO ESPIRITO SANTO &#8211; CONSELHEIRO FISCAL-TITULAR<\/p>\n<p>MARIA JOS\u00c9 BRAGA &#8211; CONSELHEIRO FISCAL-SUPLENTE<\/p>\n<p>LUIZA CASTRO &#8211; CONSELHEIRA FISCAL\u00a0 -SUPLENTE<\/p>\n<p>CLAUDENICE FERREIRA DOS SANTOS &#8211;\u00a0 CONSELHEIRA FISCAL &#8211; SUPLENTE<\/p>\n<p>MARIA ALADILCE DE SOUZA\u00a0 &#8211; DELEGADA A FEDERA\u00c7\u00c3O-TITULAS<\/p>\n<p>MARIA DA CONCEI\u00c7\u00c3O DE MESQUITA- DELEG. A FEDERA\u00c7\u00c3O-SUPLENTE<\/p>\n<\/div>\n<p>&nbsp;<\/p>\n","protected":false},"excerpt":{"rendered":"<p>DIRETORIA TRI\u00caNIO 2024\/2027 &nbsp; IVANILDA DE SOUZA BRITO &#8211; PRESIDENTE TEREZA CRISTINA B.DE JESUS DEIR\u00d3 &#8211; VICE PRESIDENTE ANA CARINA DUNHAM MONTEIRO &#8211; SECRETARIA GERAL MARIA SOLEMAR RODRIGUES DO NASCIMENTO &#8211; 1\u00aaSECRETARIA DIJALMA BASTOS ROSSI &#8211; TESOUREIRO GERAL MARIA LEONOR SALES SANTOS CARVALHO &#8211; 1\u00ba&#8230;<\/p>\n","protected":false},"author":1,"featured_media":0,"parent":0,"menu_order":0,"comment_status":"open","ping_status":"open","template":"","meta":[],"amp_validity":null,"amp_enabled":true,"_links":{"self":[{"href":"https:\/\/sindsaudeba.org.br\/portal\/wp-json\/wp\/v2\/pages\/77"}],"collection":[{"href":"https:\/\/sindsaudeba.org.br\/portal\/wp-json\/wp\/v2\/pages"}],"about":[{"href":"https:\/\/sindsaudeba.org.br\/portal\/wp-json\/wp\/v2\/types\/page"}],"author":[{"embeddable":true,"href":"https:\/\/sindsaudeba.org.br\/portal\/wp-json\/wp\/v2\/users\/1"}],"replies":[{"embeddable":true,"href":"https:\/\/sindsaudeba.org.br\/portal\/wp-json\/wp\/v2\/comments?post=77"}],"version-history":[{"count":11,"href":"https:\/\/sindsaudeba.org.br\/portal\/wp-json\/wp\/v2\/pages\/77\/revisions"}],"predecessor-version":[{"id":19696,"href":"https:\/\/sindsaudeba.org.br\/portal\/wp-json\/wp\/v2\/pages\/77\/revisions\/19696"}],"wp:attachment":[{"href":"https:\/\/sindsaudeba.org.br\/portal\/wp-json\/wp\/v2\/media?parent=77"}],"curies":[{"name":"wp","href":"https:\/\/api.w.org\/{rel}","templated":true}]}}