{"id":488,"date":"2013-01-09T13:58:52","date_gmt":"2013-01-09T16:58:52","guid":{"rendered":"http:\/\/www.sindsaudeba.org.br\/novo\/?page_id=488"},"modified":"2020-03-22T15:29:25","modified_gmt":"2020-03-22T18:29:25","slug":"campanha-de-atualizacao","status":"publish","type":"page","link":"https:\/\/sindsaudeba.org.br\/portal\/campanha-de-atualizacao\/","title":{"rendered":"Atualiza\u00e7\u00e3o e Filia\u00e7\u00e3o"},"content":{"rendered":"<p>[vc_row css_animation=&#8221;&#8221; row_type=&#8221;row&#8221; use_row_as_full_screen_section=&#8221;no&#8221; type=&#8221;full_width&#8221; angled_section=&#8221;no&#8221; text_align=&#8221;left&#8221; background_image_as_pattern=&#8221;without_pattern&#8221;][vc_column][vc_column_text]<\/p>\n<hr \/>\n<p>Se voc\u00ea n\u00e3o \u00e9 filiado ainda, baixe a ficha, preencha e entregue no Sindsa\u00fade. <strong><a title=\"Ficha\" href=\"http:\/\/www.sindsaudeba.org.br\/portal\/wp-content\/uploads\/2017\/07\/NOVA-FICHA-DE-FILIA\u00c7\u00c3O-E-RECADASTRAMENTO.pdf\" target=\"_blank\" rel=\"noopener noreferrer\">Ficha de Filia\u00e7\u00e3o<\/a>:<\/strong><\/p>\n<hr \/>\n<p>[\/vc_column_text][\/vc_column][\/vc_row][vc_row css_animation=&#8221;&#8221; row_type=&#8221;row&#8221; use_row_as_full_screen_section=&#8221;no&#8221; type=&#8221;full_width&#8221; angled_section=&#8221;no&#8221; text_align=&#8221;left&#8221; background_image_as_pattern=&#8221;without_pattern&#8221;][vc_column][vc_empty_space][\/vc_column][\/vc_row]<\/p>\n","protected":false},"excerpt":{"rendered":"<p>[vc_row css_animation=&#8221;&#8221; row_type=&#8221;row&#8221; use_row_as_full_screen_section=&#8221;no&#8221; type=&#8221;full_width&#8221; angled_section=&#8221;no&#8221; text_align=&#8221;left&#8221; background_image_as_pattern=&#8221;without_pattern&#8221;][vc_column][vc_column_text] Se voc\u00ea n\u00e3o \u00e9 filiado ainda, baixe a ficha, preencha e entregue no Sindsa\u00fade. Ficha de Filia\u00e7\u00e3o: [\/vc_column_text][\/vc_column][\/vc_row][vc_row css_animation=&#8221;&#8221; row_type=&#8221;row&#8221; use_row_as_full_screen_section=&#8221;no&#8221; type=&#8221;full_width&#8221; angled_section=&#8221;no&#8221; text_align=&#8221;left&#8221; background_image_as_pattern=&#8221;without_pattern&#8221;][vc_column][vc_empty_space][\/vc_column][\/vc_row]<\/p>\n","protected":false},"author":1,"featured_media":0,"parent":0,"menu_order":0,"comment_status":"open","ping_status":"open","template":"","meta":[],"amp_validity":null,"amp_enabled":true,"_links":{"self":[{"href":"https:\/\/sindsaudeba.org.br\/portal\/wp-json\/wp\/v2\/pages\/488"}],"collection":[{"href":"https:\/\/sindsaudeba.org.br\/portal\/wp-json\/wp\/v2\/pages"}],"about":[{"href":"https:\/\/sindsaudeba.org.br\/portal\/wp-json\/wp\/v2\/types\/page"}],"author":[{"embeddable":true,"href":"https:\/\/sindsaudeba.org.br\/portal\/wp-json\/wp\/v2\/users\/1"}],"replies":[{"embeddable":true,"href":"https:\/\/sindsaudeba.org.br\/portal\/wp-json\/wp\/v2\/comments?post=488"}],"version-history":[{"count":3,"href":"https:\/\/sindsaudeba.org.br\/portal\/wp-json\/wp\/v2\/pages\/488\/revisions"}],"predecessor-version":[{"id":15210,"href":"https:\/\/sindsaudeba.org.br\/portal\/wp-json\/wp\/v2\/pages\/488\/revisions\/15210"}],"wp:attachment":[{"href":"https:\/\/sindsaudeba.org.br\/portal\/wp-json\/wp\/v2\/media?parent=488"}],"curies":[{"name":"wp","href":"https:\/\/api.w.org\/{rel}","templated":true}]}}