{"id":245,"date":"2012-11-19T11:36:14","date_gmt":"2012-11-19T14:36:14","guid":{"rendered":"http:\/\/sindsaudeba.org.br\/novo\/?page_id=245"},"modified":"2012-11-19T11:36:14","modified_gmt":"2012-11-19T14:36:14","slug":"convenios","status":"publish","type":"page","link":"https:\/\/sindsaudeba.org.br\/portal\/convenios\/","title":{"rendered":"CONV\u00caNIOS"},"content":{"rendered":"<p><strong>Atrav\u00e9s dos conv\u00eanios, o associado pode dispor de servi\u00e7os diversos com desconto:<\/strong><br \/>\n&nbsp;<br \/>\n<a href=\"http:\/\/www.sindsaudeba.org.br\/novo\/cartilha\/\" target=\"_blank\" rel=\"noopener noreferrer\">Clique para ver a Cartilha de conv\u00eanios completa<\/a><br \/>\n&nbsp;<br \/>\n<a href=\"http:\/\/www.sindsaudeba.org.br\/novo\/cartilha\/\" target=\"_blank\" rel=\"noopener noreferrer\"><img loading=\"lazy\" class=\"aligncenter size-full wp-image-578\" title=\"cartilha-conv\u00eanios-final_capasite\" src=\"http:\/\/www.sindsaudeba.org.br\/novo\/wp-content\/uploads\/2012\/11\/cartilha-conv\u00eanios-final_capasite.jpg\" alt=\"\" width=\"242\" height=\"341\" \/><\/a><\/p>\n","protected":false},"excerpt":{"rendered":"<p>Atrav\u00e9s dos conv\u00eanios, o associado pode dispor de servi\u00e7os diversos com desconto: &nbsp; Clique para ver a Cartilha de conv\u00eanios completa &nbsp;<\/p>\n","protected":false},"author":1,"featured_media":0,"parent":0,"menu_order":0,"comment_status":"open","ping_status":"open","template":"","meta":[],"amp_validity":null,"amp_enabled":true,"_links":{"self":[{"href":"https:\/\/sindsaudeba.org.br\/portal\/wp-json\/wp\/v2\/pages\/245"}],"collection":[{"href":"https:\/\/sindsaudeba.org.br\/portal\/wp-json\/wp\/v2\/pages"}],"about":[{"href":"https:\/\/sindsaudeba.org.br\/portal\/wp-json\/wp\/v2\/types\/page"}],"author":[{"embeddable":true,"href":"https:\/\/sindsaudeba.org.br\/portal\/wp-json\/wp\/v2\/users\/1"}],"replies":[{"embeddable":true,"href":"https:\/\/sindsaudeba.org.br\/portal\/wp-json\/wp\/v2\/comments?post=245"}],"version-history":[{"count":0,"href":"https:\/\/sindsaudeba.org.br\/portal\/wp-json\/wp\/v2\/pages\/245\/revisions"}],"wp:attachment":[{"href":"https:\/\/sindsaudeba.org.br\/portal\/wp-json\/wp\/v2\/media?parent=245"}],"curies":[{"name":"wp","href":"https:\/\/api.w.org\/{rel}","templated":true}]}}