{"id":22997,"date":"2025-10-08T10:38:27","date_gmt":"2025-10-08T13:38:27","guid":{"rendered":"https:\/\/sindsaudeba.org.br\/portal\/?page_id=22997"},"modified":"2025-10-08T18:04:13","modified_gmt":"2025-10-08T21:04:13","slug":"agenda-sindsaude","status":"publish","type":"page","link":"https:\/\/sindsaudeba.org.br\/portal\/agenda-sindsaude\/","title":{"rendered":"Agenda Sindsa\u00fade"},"content":{"rendered":"<p><strong>A cada nova atualiza\u00e7\u00e3o, um novo card ser\u00e1 postado!<\/strong><\/p>\n<p><img loading=\"lazy\" class=\"wp-image-23015 alignleft\" src=\"https:\/\/sindsaudeba.org.br\/portal\/wp-content\/uploads\/2025\/10\/10-Outubro-2025-1_1-150x150.png\" alt=\"\" width=\"218\" height=\"218\" srcset=\"https:\/\/sindsaudeba.org.br\/portal\/wp-content\/uploads\/2025\/10\/10-Outubro-2025-1_1-150x150.png 150w, https:\/\/sindsaudeba.org.br\/portal\/wp-content\/uploads\/2025\/10\/10-Outubro-2025-1_1-570x570.png 570w, https:\/\/sindsaudeba.org.br\/portal\/wp-content\/uploads\/2025\/10\/10-Outubro-2025-1_1-500x500.png 500w, https:\/\/sindsaudeba.org.br\/portal\/wp-content\/uploads\/2025\/10\/10-Outubro-2025-1_1-1000x1000.png 1000w\" sizes=\"(max-width: 218px) 100vw, 218px\" \/><\/p>\n","protected":false},"excerpt":{"rendered":"<p>A cada nova atualiza\u00e7\u00e3o, um novo card ser\u00e1 postado!<\/p>\n","protected":false},"author":2,"featured_media":23009,"parent":0,"menu_order":0,"comment_status":"closed","ping_status":"closed","template":"","meta":[],"amp_validity":null,"amp_enabled":true,"_links":{"self":[{"href":"https:\/\/sindsaudeba.org.br\/portal\/wp-json\/wp\/v2\/pages\/22997"}],"collection":[{"href":"https:\/\/sindsaudeba.org.br\/portal\/wp-json\/wp\/v2\/pages"}],"about":[{"href":"https:\/\/sindsaudeba.org.br\/portal\/wp-json\/wp\/v2\/types\/page"}],"author":[{"embeddable":true,"href":"https:\/\/sindsaudeba.org.br\/portal\/wp-json\/wp\/v2\/users\/2"}],"replies":[{"embeddable":true,"href":"https:\/\/sindsaudeba.org.br\/portal\/wp-json\/wp\/v2\/comments?post=22997"}],"version-history":[{"count":4,"href":"https:\/\/sindsaudeba.org.br\/portal\/wp-json\/wp\/v2\/pages\/22997\/revisions"}],"predecessor-version":[{"id":23016,"href":"https:\/\/sindsaudeba.org.br\/portal\/wp-json\/wp\/v2\/pages\/22997\/revisions\/23016"}],"wp:featuredmedia":[{"embeddable":true,"href":"https:\/\/sindsaudeba.org.br\/portal\/wp-json\/wp\/v2\/media\/23009"}],"wp:attachment":[{"href":"https:\/\/sindsaudeba.org.br\/portal\/wp-json\/wp\/v2\/media?parent=22997"}],"curies":[{"name":"wp","href":"https:\/\/api.w.org\/{rel}","templated":true}]}}