{"id":21037,"date":"2024-10-15T14:57:07","date_gmt":"2024-10-15T17:57:07","guid":{"rendered":"https:\/\/sindsaudeba.org.br\/portal\/?page_id=21037"},"modified":"2024-10-23T16:11:14","modified_gmt":"2024-10-23T19:11:14","slug":"minuta","status":"publish","type":"page","link":"https:\/\/sindsaudeba.org.br\/portal\/minuta\/","title":{"rendered":"Sindsaude-Ba divulga a minuta do regimento do II Congresso Extraordin\u00e1rio"},"content":{"rendered":"<h3>O Sindsaude-Ba divulga a minuta do regimento do II Congresso Extraordin\u00e1rio dos Trabalhadores em Sa\u00fade do Estado da Bahia, para conhecimento e aprecia\u00e7\u00e3o dos servidores p\u00fablicos da sa\u00fade.<\/h3>\n<h3>A presente minuta ser\u00e1 colocado para aprova\u00e7\u00e3o na assembleia a ser realizada no dia 30\/10\/2024.<br \/>\nSugest\u00f5es devem ser encaminhadas para o<span style=\"color: #ff0000\"><strong> email: minutasindsaudeba@gmail.com at\u00e9 o dia 28 de outubro.<\/strong><\/span><\/h3>\n<p>&nbsp;<\/p>\n<p><span style=\"color: #ff0000\"><strong>Click Aqui:<\/strong><\/span><\/p>\n<h3><a href=\"https:\/\/sindsaudeba.org.br\/portal\/wp-content\/uploads\/2024\/10\/REGIMENTO-INTERNO-II-CONGRESSO-EXTRAORDINARIO-2024.pdf\">REGIMENTO INTERNO II CONGRESSO EXTRAORDINARIO 2024<\/a><\/h3>\n","protected":false},"excerpt":{"rendered":"<p>O Sindsaude-Ba divulga a minuta do regimento do II Congresso Extraordin\u00e1rio dos Trabalhadores em Sa\u00fade do Estado da Bahia, para conhecimento e aprecia\u00e7\u00e3o dos servidores p\u00fablicos da sa\u00fade. A presente minuta ser\u00e1 colocado para aprova\u00e7\u00e3o na assembleia a ser realizada no dia 30\/10\/2024. Sugest\u00f5es devem&#8230;<\/p>\n","protected":false},"author":2,"featured_media":0,"parent":0,"menu_order":0,"comment_status":"closed","ping_status":"closed","template":"","meta":[],"amp_validity":null,"amp_enabled":true,"_links":{"self":[{"href":"https:\/\/sindsaudeba.org.br\/portal\/wp-json\/wp\/v2\/pages\/21037"}],"collection":[{"href":"https:\/\/sindsaudeba.org.br\/portal\/wp-json\/wp\/v2\/pages"}],"about":[{"href":"https:\/\/sindsaudeba.org.br\/portal\/wp-json\/wp\/v2\/types\/page"}],"author":[{"embeddable":true,"href":"https:\/\/sindsaudeba.org.br\/portal\/wp-json\/wp\/v2\/users\/2"}],"replies":[{"embeddable":true,"href":"https:\/\/sindsaudeba.org.br\/portal\/wp-json\/wp\/v2\/comments?post=21037"}],"version-history":[{"count":12,"href":"https:\/\/sindsaudeba.org.br\/portal\/wp-json\/wp\/v2\/pages\/21037\/revisions"}],"predecessor-version":[{"id":21074,"href":"https:\/\/sindsaudeba.org.br\/portal\/wp-json\/wp\/v2\/pages\/21037\/revisions\/21074"}],"wp:attachment":[{"href":"https:\/\/sindsaudeba.org.br\/portal\/wp-json\/wp\/v2\/media?parent=21037"}],"curies":[{"name":"wp","href":"https:\/\/api.w.org\/{rel}","templated":true}]}}